{"id":1265,"date":"2021-05-17T13:30:42","date_gmt":"2021-05-17T13:30:42","guid":{"rendered":"https:\/\/fzentrum.pl\/archivbestaende\/"},"modified":"2021-05-17T13:30:43","modified_gmt":"2021-05-17T13:30:43","slug":"archivbestaende","status":"publish","type":"page","link":"https:\/\/fzentrum.pl\/de\/archivbestaende\/","title":{"rendered":"Archivbest\u00e4nde"},"content":{"rendered":"\t\t<div data-elementor-type=\"wp-page\" data-elementor-id=\"1265\" class=\"elementor elementor-1265 elementor-755\" data-elementor-post-type=\"page\">\n\t\t\t\t\t\t<section class=\"elementor-section elementor-top-section elementor-element elementor-element-dae7b60 elementor-section-full_width elementor-section-height-default elementor-section-height-default\" data-id=\"dae7b60\" data-element_type=\"section\" data-settings=\"{&quot;background_background&quot;:&quot;classic&quot;}\">\n\t\t\t\t\t\t<div class=\"elementor-container elementor-column-gap-no\">\n\t\t\t\t\t<div class=\"elementor-column elementor-col-100 elementor-top-column elementor-element elementor-element-ead586f\" data-id=\"ead586f\" data-element_type=\"column\">\n\t\t\t<div class=\"elementor-widget-wrap elementor-element-populated\">\n\t\t\t\t\t\t<section class=\"elementor-section elementor-inner-section elementor-element elementor-element-34c5ff9 elementor-section-boxed elementor-section-height-default elementor-section-height-default\" data-id=\"34c5ff9\" data-element_type=\"section\">\n\t\t\t\t\t\t<div class=\"elementor-container elementor-column-gap-no\">\n\t\t\t\t\t<div class=\"elementor-column elementor-col-50 elementor-inner-column elementor-element elementor-element-bb5c683\" data-id=\"bb5c683\" data-element_type=\"column\">\n\t\t\t<div class=\"elementor-widget-wrap elementor-element-populated\">\n\t\t\t\t\t\t<div class=\"elementor-element elementor-element-8bc51a9 elementor-widget elementor-widget-heading\" data-id=\"8bc51a9\" data-element_type=\"widget\" data-widget_type=\"heading.default\">\n\t\t\t\t<div class=\"elementor-widget-container\">\n\t\t\t\t\t<h5 class=\"elementor-heading-title elementor-size-default\">Archivbest\u00e4nde<\/h5>\t\t\t\t<\/div>\n\t\t\t\t<\/div>\n\t\t\t\t<div class=\"elementor-element elementor-element-fe2e132 elementor-widget-divider--view-line elementor-widget elementor-widget-divider\" data-id=\"fe2e132\" data-element_type=\"widget\" data-widget_type=\"divider.default\">\n\t\t\t\t<div class=\"elementor-widget-container\">\n\t\t\t\t\t\t\t<div class=\"elementor-divider\">\n\t\t\t<span class=\"elementor-divider-separator\">\n\t\t\t\t\t\t<\/span>\n\t\t<\/div>\n\t\t\t\t\t\t<\/div>\n\t\t\t\t<\/div>\n\t\t\t\t<div class=\"elementor-element elementor-element-a0ef876 elementor-widget elementor-widget-heading\" data-id=\"a0ef876\" data-element_type=\"widget\" data-widget_type=\"heading.default\">\n\t\t\t\t<div class=\"elementor-widget-container\">\n\t\t\t\t\t<h2 class=\"elementor-heading-title elementor-size-default\">Vor dem Vergessen<br> <b><i>gerettete Best\u00e4nde...<\/i><\/b><\/h2>\t\t\t\t<\/div>\n\t\t\t\t<\/div>\n\t\t\t\t<div class=\"elementor-element elementor-element-f4c0f54 elementor-widget elementor-widget-text-editor\" data-id=\"f4c0f54\" data-element_type=\"widget\" data-widget_type=\"text-editor.default\">\n\t\t\t\t<div class=\"elementor-widget-container\">\n\t\t\t\t\t\t\t\t\t<p><strong>Den Hauptteil der Archivbest\u00e4nde bilden:<\/strong><\/p>\n<p>\u2022 Archive der Organisationen der Deutschen Minderheit<br \/>\nWir sammeln Archive der Dachorganisationen und Ortsgruppen aus Oberschlesien, Niederschlesien, Pommern und Kujawien, Ermland und Masuren sowie anderen von der deutschen Minderheit bewohnten Regionen. Diese digitale Sammlung z\u00e4hlt zur Zeit mehr als 50.000 Seiten.<br \/>\n\u2022\u00a0Zeitzeugeninterviews<br \/>\n\u2022 private Sammlungen<br \/>\nDen Anfang der Sammlung gab die private Sammlung von Professor Gerhard Bartodziej aus seiner Amtszeit im Senat. Er entschied sich diese im Jahr 2017 dem Forschungszentrum zu \u00fcbergeben. Seit dieser Zeit haben wir u.a. Sammlungen weiterer Parlamentarier aus der deutschen Minderheit: Bruno Kosak und Georg Brylka dank der freundlichen Bereitschaft ihrer Familien erhalten.<br \/>\n\u2022 Pressearchiv<br \/>\nWir haben mit dem Sammeln von Zeitschriften der deutschen Minderheit und Presse zu diesem Thema begonnen.<br \/>\nDas Archiv des Forschungszentrums der Deutschen Minderheit ist vor allem ein digitales Archiv \u2013 die gesammelten Best\u00e4nde wurden zu 95 Prozent digitalisiert, laufend werden digitale Kopien von neuen Archivalien erstellt. Ab April 2020 sammeln wir physische Best\u00e4nde im neuen Sitz, in der Eichendorff-Bibliothek in Oppeln in der Szpitalna str. 7a.<br \/>\nDie Best\u00e4nde werden im Offenen System der Archivierung (OSA) bearbeitet. Ab 2021 werden Kataloge des Archivs sowie ausgew\u00e4hlte Archivalien Schritt f\u00fcr Schritt online zur Verf\u00fcgung gestellt. Bei Fragen zur Recherche oder Zugang zu unseren Best\u00e4nden wenden Sie sich mit einer pers\u00f6nlichen Anfrage erbeten unter der Telefonnummer 532153205 oder per Email: biuro@fzentrum.pl.<br \/>\nSeit ein paar Jahren leiten wir ein Programm zur Digitalisierung der Archive der Organisationen der DM. Wir besuchen verschiedene Ortschaften in ganz Westpolen, um vor Ort digitale Kopien der Dokumente durchzuf\u00fchren. Wir rechnen mit Anfragen von weiteren Organisationen und DFK Ortsgruppen, die uns ihre Best\u00e4nde zur Digitalisierung zur Verf\u00fcgung stellen k\u00f6nnten.<br \/>\nWir sammeln auch Sachgegenst\u00e4nde von Personen und Organisationen, die bereit sind diese zu \u00fcbergeben. In erster Linie unternehmen wir dort Rettungsma\u00dfnahmen, wo aus verschiedenen Gr\u00fcnden das Archivmaterial bedroht ist (falsche Aufbewahrung, verlassene Sammlungen, Best\u00e4nde von Organisationen, die aufgel\u00f6st wurden).<\/p>\n\t\t\t\t\t\t\t\t<\/div>\n\t\t\t\t<\/div>\n\t\t\t\t<div class=\"elementor-element elementor-element-059423a elementor-widget elementor-widget-spacer\" data-id=\"059423a\" data-element_type=\"widget\" data-widget_type=\"spacer.default\">\n\t\t\t\t<div class=\"elementor-widget-container\">\n\t\t\t\t\t\t\t<div class=\"elementor-spacer\">\n\t\t\t<div class=\"elementor-spacer-inner\"><\/div>\n\t\t<\/div>\n\t\t\t\t\t\t<\/div>\n\t\t\t\t<\/div>\n\t\t\t\t\t<\/div>\n\t\t<\/div>\n\t\t\t\t<div class=\"elementor-column elementor-col-50 elementor-inner-column elementor-element elementor-element-11d4ef3\" data-id=\"11d4ef3\" data-element_type=\"column\">\n\t\t\t<div class=\"elementor-widget-wrap\">\n\t\t\t\t\t\t\t<\/div>\n\t\t<\/div>\n\t\t\t\t\t<\/div>\n\t\t<\/section>\n\t\t\t\t\t<\/div>\n\t\t<\/div>\n\t\t\t\t\t<\/div>\n\t\t<\/section>\n\t\t\t\t<\/div>\n\t\t","protected":false},"excerpt":{"rendered":"<p>Archivbest\u00e4nde Vor dem Vergessen gerettete Best\u00e4nde&#8230; Den Hauptteil der Archivbest\u00e4nde bilden: \u2022 Archive der Organisationen der Deutschen Minderheit Wir sammeln Archive der Dachorganisationen und Ortsgruppen aus Oberschlesien, Niederschlesien, Pommern und Kujawien, Ermland und Masuren sowie anderen von der deutschen Minderheit bewohnten Regionen. Diese digitale Sammlung z\u00e4hlt zur Zeit mehr als 50.000 Seiten. \u2022\u00a0Zeitzeugeninterviews \u2022 private [&hellip;]<\/p>\n","protected":false},"author":2,"featured_media":0,"parent":0,"menu_order":0,"comment_status":"closed","ping_status":"closed","template":"","meta":{"site-sidebar-layout":"no-sidebar","site-content-layout":"page-builder","ast-site-content-layout":"","site-content-style":"default","site-sidebar-style":"default","ast-global-header-display":"","ast-banner-title-visibility":"","ast-main-header-display":"","ast-hfb-above-header-display":"","ast-hfb-below-header-display":"","ast-hfb-mobile-header-display":"","site-post-title":"disabled","ast-breadcrumbs-content":"","ast-featured-img":"disabled","footer-sml-layout":"","theme-transparent-header-meta":"default","adv-header-id-meta":"","stick-header-meta":"","header-above-stick-meta":"","header-main-stick-meta":"","header-below-stick-meta":"","astra-migrate-meta-layouts":"default","ast-page-background-enabled":"default","ast-page-background-meta":{"desktop":{"background-color":"","background-image":"","background-repeat":"repeat","background-position":"center center","background-size":"auto","background-attachment":"scroll","background-type":"","background-media":"","overlay-type":"","overlay-color":"","overlay-opacity":"","overlay-gradient":""},"tablet":{"background-color":"","background-image":"","background-repeat":"repeat","background-position":"center center","background-size":"auto","background-attachment":"scroll","background-type":"","background-media":"","overlay-type":"","overlay-color":"","overlay-opacity":"","overlay-gradient":""},"mobile":{"background-color":"","background-image":"","background-repeat":"repeat","background-position":"center center","background-size":"auto","background-attachment":"scroll","background-type":"","background-media":"","overlay-type":"","overlay-color":"","overlay-opacity":"","overlay-gradient":""}},"ast-content-background-meta":{"desktop":{"background-color":"var(--ast-global-color-5)","background-image":"","background-repeat":"repeat","background-position":"center center","background-size":"auto","background-attachment":"scroll","background-type":"","background-media":"","overlay-type":"","overlay-color":"","overlay-opacity":"","overlay-gradient":""},"tablet":{"background-color":"var(--ast-global-color-5)","background-image":"","background-repeat":"repeat","background-position":"center center","background-size":"auto","background-attachment":"scroll","background-type":"","background-media":"","overlay-type":"","overlay-color":"","overlay-opacity":"","overlay-gradient":""},"mobile":{"background-color":"var(--ast-global-color-5)","background-image":"","background-repeat":"repeat","background-position":"center center","background-size":"auto","background-attachment":"scroll","background-type":"","background-media":"","overlay-type":"","overlay-color":"","overlay-opacity":"","overlay-gradient":""}},"footnotes":""},"class_list":["post-1265","page","type-page","status-publish","hentry"],"_links":{"self":[{"href":"https:\/\/fzentrum.pl\/de\/wp-json\/wp\/v2\/pages\/1265","targetHints":{"allow":["GET"]}}],"collection":[{"href":"https:\/\/fzentrum.pl\/de\/wp-json\/wp\/v2\/pages"}],"about":[{"href":"https:\/\/fzentrum.pl\/de\/wp-json\/wp\/v2\/types\/page"}],"author":[{"embeddable":true,"href":"https:\/\/fzentrum.pl\/de\/wp-json\/wp\/v2\/users\/2"}],"replies":[{"embeddable":true,"href":"https:\/\/fzentrum.pl\/de\/wp-json\/wp\/v2\/comments?post=1265"}],"version-history":[{"count":1,"href":"https:\/\/fzentrum.pl\/de\/wp-json\/wp\/v2\/pages\/1265\/revisions"}],"predecessor-version":[{"id":1266,"href":"https:\/\/fzentrum.pl\/de\/wp-json\/wp\/v2\/pages\/1265\/revisions\/1266"}],"wp:attachment":[{"href":"https:\/\/fzentrum.pl\/de\/wp-json\/wp\/v2\/media?parent=1265"}],"curies":[{"name":"wp","href":"https:\/\/api.w.org\/{rel}","templated":true}]}}