{"id":1267,"date":"2021-05-18T08:23:55","date_gmt":"2021-05-18T08:23:55","guid":{"rendered":"https:\/\/fzentrum.pl\/geneza\/"},"modified":"2024-12-02T15:22:33","modified_gmt":"2024-12-02T14:22:33","slug":"geneza","status":"publish","type":"page","link":"https:\/\/fzentrum.pl\/de\/geneza\/","title":{"rendered":"Geneza"},"content":{"rendered":"\t\t<div data-elementor-type=\"wp-page\" data-elementor-id=\"1267\" class=\"elementor elementor-1267 elementor-474\" data-elementor-post-type=\"page\">\n\t\t\t\t\t\t<section class=\"elementor-section elementor-top-section elementor-element elementor-element-82c8ad0 elementor-section-full_width elementor-section-height-min-height elementor-section-height-default elementor-section-items-middle\" data-id=\"82c8ad0\" data-element_type=\"section\" data-settings=\"{&quot;background_background&quot;:&quot;classic&quot;}\">\n\t\t\t\t\t\t\t<div class=\"elementor-background-overlay\"><\/div>\n\t\t\t\t\t\t\t<div class=\"elementor-container elementor-column-gap-no\">\n\t\t\t\t\t<div class=\"elementor-column elementor-col-100 elementor-top-column elementor-element elementor-element-a72b8db\" data-id=\"a72b8db\" data-element_type=\"column\">\n\t\t\t<div class=\"elementor-widget-wrap elementor-element-populated\">\n\t\t\t\t\t\t<section class=\"elementor-section elementor-inner-section elementor-element elementor-element-a1ce410 elementor-section-full_width elementor-section-height-default elementor-section-height-default\" data-id=\"a1ce410\" data-element_type=\"section\">\n\t\t\t\t\t\t<div class=\"elementor-container elementor-column-gap-no\">\n\t\t\t\t\t<div class=\"elementor-column elementor-col-50 elementor-inner-column elementor-element elementor-element-2232d24\" data-id=\"2232d24\" data-element_type=\"column\">\n\t\t\t<div class=\"elementor-widget-wrap elementor-element-populated\">\n\t\t\t\t\t\t<div class=\"elementor-element elementor-element-8bc51a9 elementor-widget elementor-widget-heading\" data-id=\"8bc51a9\" data-element_type=\"widget\" data-widget_type=\"heading.default\">\n\t\t\t\t<div class=\"elementor-widget-container\">\n\t\t\t\t\t<h5 class=\"elementor-heading-title elementor-size-default\">Organisation \u2013 Geschichte<\/h5>\t\t\t\t<\/div>\n\t\t\t\t<\/div>\n\t\t\t\t<div class=\"elementor-element elementor-element-fe2e132 elementor-widget-divider--view-line elementor-widget elementor-widget-divider\" data-id=\"fe2e132\" data-element_type=\"widget\" data-widget_type=\"divider.default\">\n\t\t\t\t<div class=\"elementor-widget-container\">\n\t\t\t\t\t\t\t<div class=\"elementor-divider\">\n\t\t\t<span class=\"elementor-divider-separator\">\n\t\t\t\t\t\t<\/span>\n\t\t<\/div>\n\t\t\t\t\t\t<\/div>\n\t\t\t\t<\/div>\n\t\t\t\t<div class=\"elementor-element elementor-element-a0ef876 elementor-widget elementor-widget-heading\" data-id=\"a0ef876\" data-element_type=\"widget\" data-widget_type=\"heading.default\">\n\t\t\t\t<div class=\"elementor-widget-container\">\n\t\t\t\t\t<h2 class=\"elementor-heading-title elementor-size-default\">Unsere Geschichte <br> begann <span class=\"header-font\">im Jahr 2016<\/span><\/h2>\t\t\t\t<\/div>\n\t\t\t\t<\/div>\n\t\t\t\t<div class=\"elementor-element elementor-element-9f400c7 elementor-widget elementor-widget-spacer\" data-id=\"9f400c7\" data-element_type=\"widget\" data-widget_type=\"spacer.default\">\n\t\t\t\t<div class=\"elementor-widget-container\">\n\t\t\t\t\t\t\t<div class=\"elementor-spacer\">\n\t\t\t<div class=\"elementor-spacer-inner\"><\/div>\n\t\t<\/div>\n\t\t\t\t\t\t<\/div>\n\t\t\t\t<\/div>\n\t\t\t\t<div class=\"elementor-element elementor-element-5b59870 elementor-widget elementor-widget-text-editor\" data-id=\"5b59870\" data-element_type=\"widget\" data-widget_type=\"text-editor.default\">\n\t\t\t\t<div class=\"elementor-widget-container\">\n\t\t\t\t\t\t\t\t\t<p class=\"western>&#8222;<span lang=\"de-DE\">Die Idee der \u201eEinrichtung einer Stelle (\u2026), die<\/span><span style=\"font-family: Calibri, serif;\"><span lang=\"de-DE\"> Forschungen zur deutschen Minderheit, deren Geschichte und kulturellem Erbe in die Wege leiten und koordinieren k\u00f6nnte<\/span><\/span><span lang=\"de-DE\">\u201d wurde zum ersten Mal \u00f6ffentlich bei den Verhandlungen des Deutsch-Polnischen Runden Tisches im Jahr 2011 formuliert. Doch auf deren Umsetzung musste man noch einige Zeit warten.<\/span><\/p>\n\t\t\t\t\t\t\t\t<\/div>\n\t\t\t\t<\/div>\n\t\t\t\t\t<\/div>\n\t\t<\/div>\n\t\t\t\t<div class=\"elementor-column elementor-col-50 elementor-inner-column elementor-element elementor-element-66f3b94\" data-id=\"66f3b94\" data-element_type=\"column\">\n\t\t\t<div class=\"elementor-widget-wrap\">\n\t\t\t\t\t\t\t<\/div>\n\t\t<\/div>\n\t\t\t\t\t<\/div>\n\t\t<\/section>\n\t\t\t\t\t<\/div>\n\t\t<\/div>\n\t\t\t\t\t<\/div>\n\t\t<\/section>\n\t\t\t\t<section class=\"elementor-section elementor-top-section elementor-element elementor-element-b37d87d elementor-section-boxed elementor-section-height-default elementor-section-height-default\" data-id=\"b37d87d\" data-element_type=\"section\">\n\t\t\t\t\t\t<div class=\"elementor-container elementor-column-gap-default\">\n\t\t\t\t\t<div class=\"elementor-column elementor-col-16 elementor-top-column elementor-element elementor-element-f2797e4\" data-id=\"f2797e4\" data-element_type=\"column\">\n\t\t\t<div class=\"elementor-widget-wrap\">\n\t\t\t\t\t\t\t<\/div>\n\t\t<\/div>\n\t\t\t\t<div class=\"elementor-column elementor-col-66 elementor-top-column elementor-element elementor-element-1dcce87\" data-id=\"1dcce87\" data-element_type=\"column\" data-settings=\"{&quot;background_background&quot;:&quot;classic&quot;}\">\n\t\t\t<div class=\"elementor-widget-wrap elementor-element-populated\">\n\t\t\t\t\t\t<div class=\"elementor-element elementor-element-65e1039 elementor-widget elementor-widget-text-editor\" data-id=\"65e1039\" data-element_type=\"widget\" data-widget_type=\"text-editor.default\">\n\t\t\t\t<div class=\"elementor-widget-container\">\n\t\t\t\t\t\t\t\t\t<p class=\"western\"><span style=\"font-family: Calibri, serif;\"><span lang=\"de-DE\">Gemeinsame Erkl\u00e4rung des Runden Tisches zu Fragen der F\u00f6rderung der deutschen Minderheit in Polen und der polnischst\u00e4mmigen B\u00fcrger und Polen in Deutschland nach dem Vertrag zwischen der Bundesrepublik Deutschland und der Republik Polen \u00fcber gute Nachbarschaft und freundschaftliche Zusammenarbeit<\/span><\/span><\/p>\n\t\t\t\t\t\t\t\t<\/div>\n\t\t\t\t<\/div>\n\t\t\t\t<div class=\"elementor-element elementor-element-cef6b99 elementor-widget elementor-widget-text-editor\" data-id=\"cef6b99\" data-element_type=\"widget\" data-widget_type=\"text-editor.default\">\n\t\t\t\t<div class=\"elementor-widget-container\">\n\t\t\t\t\t\t\t\t\t<p class=\"western\"><span style=\"font-family: Calibri, serif;\"><span lang=\"de-DE\">Warschau, den 12. Juni 2011<\/span><\/span><\/p>\n<p class=\"western\"><span style=\"font-family: Calibri, serif;\"><span lang=\"de-DE\">(\u2026)<\/span><\/span><\/p>\n<p class=\"western\"><span style=\"font-family: Calibri, serif;\"><span lang=\"de-DE\">Zur Unterst\u00fctzung der deutschen Minderheit in Polen werden von der polnischen Seite folgende Ma\u00dfnahmen ergriffen: <\/span><\/span><\/p>\n<p class=\"western\"><span style=\"font-family: Calibri, serif;\"><span lang=\"de-DE\">-Durchf\u00fchrung einer wissenschaftlichen Analyse der undemokratischen Praktiken der Volksrepublik Polen gegen\u00fcber polnischen B\u00fcrgern deutscher Nationalit\u00e4t sowie Staatenlosen dieser Nationalit\u00e4t w\u00e4hrend der kommunistischen Herrschaft. Die Ergebnisse der Analyse werden ver\u00f6ffentlicht.<\/span><\/span><\/p>\n<p class=\"western\"><span style=\"font-family: Calibri, serif;\"><span lang=\"de-DE\">&#8211; Einrichtung einer Stelle im Rahmen der Organisationen der deutschen Minderheit, die auf wissenschaftlicher Basis Forschungen zur deutschen Minderheit, deren Geschichte und kulturellem Erbe in die Wege leiten und koordinieren k\u00f6nnte. (\u2026)<\/span><\/span><\/p>\n\t\t\t\t\t\t\t\t<\/div>\n\t\t\t\t<\/div>\n\t\t\t\t\t<\/div>\n\t\t<\/div>\n\t\t\t\t<div class=\"elementor-column elementor-col-16 elementor-top-column elementor-element elementor-element-d037784\" data-id=\"d037784\" data-element_type=\"column\">\n\t\t\t<div class=\"elementor-widget-wrap\">\n\t\t\t\t\t\t\t<\/div>\n\t\t<\/div>\n\t\t\t\t\t<\/div>\n\t\t<\/section>\n\t\t\t\t<section class=\"elementor-section elementor-top-section elementor-element elementor-element-7d86652 elementor-section-boxed elementor-section-height-default elementor-section-height-default\" data-id=\"7d86652\" data-element_type=\"section\" data-settings=\"{&quot;background_background&quot;:&quot;classic&quot;}\">\n\t\t\t\t\t\t<div class=\"elementor-container elementor-column-gap-default\">\n\t\t\t\t\t<div class=\"elementor-column elementor-col-100 elementor-top-column elementor-element elementor-element-7cf069f\" data-id=\"7cf069f\" data-element_type=\"column\">\n\t\t\t<div class=\"elementor-widget-wrap elementor-element-populated\">\n\t\t\t\t\t\t<section class=\"elementor-section elementor-inner-section elementor-element elementor-element-9fddbf3 elementor-section-boxed elementor-section-height-default elementor-section-height-default\" data-id=\"9fddbf3\" data-element_type=\"section\">\n\t\t\t\t\t\t<div class=\"elementor-container elementor-column-gap-default\">\n\t\t\t\t\t<div class=\"elementor-column elementor-col-50 elementor-inner-column elementor-element elementor-element-e1448a2\" data-id=\"e1448a2\" data-element_type=\"column\">\n\t\t\t<div class=\"elementor-widget-wrap elementor-element-populated\">\n\t\t\t\t\t\t<div class=\"elementor-element elementor-element-7682e78 elementor-widget elementor-widget-heading\" data-id=\"7682e78\" data-element_type=\"widget\" data-widget_type=\"heading.default\">\n\t\t\t\t<div class=\"elementor-widget-container\">\n\t\t\t\t\t<h2 class=\"elementor-heading-title elementor-size-default\">Geschichte des Zentrums<br><span class=\"header-font\">kompakt<\/span><\/h2>\t\t\t\t<\/div>\n\t\t\t\t<\/div>\n\t\t\t\t<div class=\"elementor-element elementor-element-69f46a2 elementor-widget elementor-widget-spacer\" data-id=\"69f46a2\" data-element_type=\"widget\" data-widget_type=\"spacer.default\">\n\t\t\t\t<div class=\"elementor-widget-container\">\n\t\t\t\t\t\t\t<div class=\"elementor-spacer\">\n\t\t\t<div class=\"elementor-spacer-inner\"><\/div>\n\t\t<\/div>\n\t\t\t\t\t\t<\/div>\n\t\t\t\t<\/div>\n\t\t\t\t<div class=\"elementor-element elementor-element-3b9bf23 elementor-widget elementor-widget-image\" data-id=\"3b9bf23\" data-element_type=\"widget\" data-widget_type=\"image.default\">\n\t\t\t\t<div class=\"elementor-widget-container\">\n\t\t\t\t\t\t\t\t\t\t\t\t\t\t\t<img fetchpriority=\"high\" decoding=\"async\" width=\"316\" height=\"316\" src=\"https:\/\/fzentrum.pl\/wp-content\/uploads\/2020\/11\/chat.png\" class=\"attachment-full size-full wp-image-1214\" alt=\"\" srcset=\"https:\/\/fzentrum.pl\/wp-content\/uploads\/2020\/11\/chat.png 316w, https:\/\/fzentrum.pl\/wp-content\/uploads\/2020\/11\/chat-300x300.png 300w, https:\/\/fzentrum.pl\/wp-content\/uploads\/2020\/11\/chat-150x150.png 150w\" sizes=\"(max-width: 316px) 100vw, 316px\" \/>\t\t\t\t\t\t\t\t\t\t\t\t\t\t\t<\/div>\n\t\t\t\t<\/div>\n\t\t\t\t\t<\/div>\n\t\t<\/div>\n\t\t\t\t<div class=\"elementor-column elementor-col-50 elementor-inner-column elementor-element elementor-element-6984ed1\" data-id=\"6984ed1\" data-element_type=\"column\">\n\t\t\t<div class=\"elementor-widget-wrap elementor-element-populated\">\n\t\t\t\t\t\t<div class=\"elementor-element elementor-element-eaf0b3d elementor-widget elementor-widget-timeline-widget-addon\" data-id=\"eaf0b3d\" data-element_type=\"widget\" data-widget_type=\"timeline-widget-addon.default\">\n\t\t\t\t<div class=\"elementor-widget-container\">\n\t\t\t\t\t<!-- ========= Timeline Widget Addon For Elementor 1.6.6 ========= -->\n<div id=\"twae-wrapper-eaf0b3d\" class=\"twae-vertical twae-wrapper  twae-both-sided\">   \n    <div class=\"twae-start\"><\/div>    \n    <div id=\"twea-timeline-eaf0b3d\" class=\"twae-timeline\" ><!-- Start of Story Repeater Content --><div id=\"story-38ba586\" class=\"twae-story twae-repeater-item twae-story-right twae-story-no-icon\"><!-- Story Icon --><div class=\"twae-icon\"><\/div><!-- Story Arrow --><div class=\"twae-arrow\"><\/div><!-- Start of Story Content --><div class=\"twae-content\"><!-- Story Title --><div class=\"twae-title\">12 Juni 2011<\/div><!-- Story Description --><div class=\"twae-description\"><p>In der Gemeinsamen Erkl\u00e4rung des Runden Tisches zur Unterst\u00fctzung der deutschen Minderheit in Polen und der deutschen Staatsangeh\u00f6rigen polnischer Herkunft und der Polen in Deutschland gem\u00e4\u00df dem deutsch-polnischen Vertrag \u00fcber gute Nachbarschaft und freundschaftliche Zusammenarbeit hei\u00dft es, dass \u201eeine Zelle zur Durchf\u00fchrung und Koordinierung von Forschungen \u00fcber die deutsche Minderheit, ihre Geschichte und ihr kulturelles Erbe\u201c eingerichtet werden soll.<\/p><\/div><\/div><\/div><!-- Start of Story Repeater Content --><div id=\"story-dd3c1f6\" class=\"twae-story twae-repeater-item twae-story-left twae-story-no-icon\"><!-- Story Icon --><div class=\"twae-icon\"><\/div><!-- Story Arrow --><div class=\"twae-arrow\"><\/div><!-- Start of Story Content --><div class=\"twae-content\"><!-- Story Title --><div class=\"twae-title\">1 M\u00e4rz 2015<\/div><!-- Story Description --><div class=\"twae-description\"><p>Das Haus f\u00fcr deutsch-polnische Zusammenarbeit startet ein Projekt mit dem Namen Deutsches Minderheitenforschungszentrum, das vom Ministerium f\u00fcr Inneres und Verwaltung finanziert wird.<\/p><\/div><\/div><\/div><!-- Start of Story Repeater Content --><div id=\"story-dbf5f6c\" class=\"twae-story twae-repeater-item twae-story-right twae-story-no-icon\"><!-- Story Icon --><div class=\"twae-icon\"><\/div><!-- Story Arrow --><div class=\"twae-arrow\"><\/div><!-- Start of Story Content --><div class=\"twae-content\"><!-- Story Title --><div class=\"twae-title\">30 Juni 2016<\/div><!-- Story Description --><div class=\"twae-description\"><p>Die Forschungszentrum f\u00fcr Deutsche Minderheiten wurde offiziell als Verein von Vereinen gegr\u00fcndet.<\/p><\/div><\/div><\/div><!-- Start of Story Repeater Content --><div id=\"story-f39cb9e\" class=\"twae-story twae-repeater-item twae-story-left twae-story-no-icon\"><!-- Story Icon --><div class=\"twae-icon\"><\/div><!-- Story Arrow --><div class=\"twae-arrow\"><\/div><!-- Start of Story Content --><div class=\"twae-content\"><!-- Story Title --><div class=\"twae-title\">9 September 2016<\/div><!-- Story Description --><div class=\"twae-description\"><p>Die neue Vereinigung ist im nationalen Gerichtsregister eingetragen.<\/p><\/div><\/div><\/div><!-- Start of Story Repeater Content --><div id=\"story-8562e55\" class=\"twae-story twae-repeater-item twae-story-right twae-story-no-icon\"><!-- Story Icon --><div class=\"twae-icon\"><\/div><!-- Story Arrow --><div class=\"twae-arrow\"><\/div><!-- Start of Story Content --><div class=\"twae-content\"><!-- Story Title --><div class=\"twae-title\">1 April 2020<\/div><!-- Story Description --><div class=\"twae-description\"><p>Das Zentrum startet das Projekt Forschungszentrum der Deutschen Minderheit in Polen 2020 mit Unterst\u00fctzung des Bundesministeriums des Innern, f\u00fcr Bau und Heimat.<\/p><\/div><\/div><\/div><!-- Start of Story Repeater Content --><div id=\"story-bdbe6d9\" class=\"twae-story twae-repeater-item twae-story-left twae-story-no-icon\"><!-- Story Icon --><div class=\"twae-icon\"><\/div><!-- Story Arrow --><div class=\"twae-arrow\"><\/div><!-- Start of Story Content --><div class=\"twae-content\"><!-- Story Title --><div class=\"twae-title\">1 Juni 2020<\/div><!-- Story Description --><div class=\"twae-description\"><p>Die Er\u00f6ffnung des Verbandsb\u00fcros im Geb\u00e4ude der \u201eJoseph von Eichendorff polnisch-deutschen Zentralbibliothek der \u00a0Caritas in Opole\u201c findet statt.<\/p><\/div><\/div><\/div><!-- Start of Story Repeater Content --><div id=\"story-15164e5\" class=\"twae-story twae-repeater-item twae-story-right twae-story-no-icon\"><!-- Story Icon --><div class=\"twae-icon\"><\/div><!-- Story Arrow --><div class=\"twae-arrow\"><\/div><!-- Start of Story Content --><div class=\"twae-content\"><!-- Story Title --><div class=\"twae-title\">22 September 2020<\/div><!-- Story Description --><div class=\"twae-description\"><p>Neuer Vorstand der Forschungszentrum f\u00fcr die deutsche Minderheit wird gew\u00e4hlt.<\/p><\/div><\/div><\/div><!-- Start of Story Repeater Content --><div id=\"story-f92df0f\" class=\"twae-story twae-repeater-item twae-story-left twae-story-no-icon\"><!-- Story Icon --><div class=\"twae-icon\"><\/div><!-- Story Arrow --><div class=\"twae-arrow\"><\/div><!-- Start of Story Content --><div class=\"twae-content\"><!-- Story Title --><div class=\"twae-title\">1 Januar 2021<\/div><!-- Story Description --><div class=\"twae-description\"><p>Es werden drei Projekte in Angriff genommen:<\/p><p><strong>- Forschungszentrum der Deutschen Minderheit in Polen 2021<\/strong> mit Unterst\u00fctzung des Bundesministeriums des Innern, f\u00fcr Bau und Heimat<br \/><strong>- Geschichte und Erbe der deutschen Minderheit - <\/strong>Forschungsaktivit\u00e4ten dank der Unterst\u00fctzung des Ministers f\u00fcr Inneres und Verwaltung der Republik Polen<br \/><strong>- Archivierung und Dokumentation der Geschichte der deutschen Minderheit <\/strong>dank der Unterst\u00fctzung des polnischen Ministers f\u00fcr Inneres und Verwaltung<\/p><\/div><\/div><\/div><\/div>\n    <div class=\"twae-end\"><\/div>\n    <\/div><style type=\"text\/css\">.elementor-1267 .elementor-element.elementor-element-eaf0b3d .twae-wrapper.twae-vertical .twae-story{margin-bottom:60px!important}.elementor-1267 .elementor-element.elementor-element-eaf0b3d .twae-wrapper{--tw-cbx-title-color:#000000;}.elementor-1267 .elementor-element.elementor-element-eaf0b3d .twae-wrapper{--tw-lbl-big-color:#000000;}.elementor-1267 .elementor-element.elementor-element-eaf0b3d .twae-wrapper{--tw-ibx-bg:#F5F1EC;}.elementor-1267 .elementor-element.elementor-element-eaf0b3d .twae-wrapper{--tw-ybx-bg:#000000}.elementor-1267 .elementor-element.elementor-element-eaf0b3d .twae-wrapper .twae-year{background:none!important;}.elementor-1267 .elementor-element.elementor-element-eaf0b3d .twae-wrapper{--tw-cbx-bg:#F5F1EC}.elementor-1267 .elementor-element.elementor-element-eaf0b3d .twae-wrapper{--tw-line-bg:#4D4D4D}.elementor-1267 .elementor-element.elementor-element-eaf0b3d .twae-title{font-family:DM Sans;}.elementor-1267 .elementor-element.elementor-element-eaf0b3d .twae-description{font-family:DM Sans;}@media (max-width: 1024px){ .twae-wrapper{--tw-ybx-size: 80px !important;}}@media (max-width: 767px){ .twae-wrapper{--tw-ybx-size: 80px !important}}<\/style>\t\t\t\t<\/div>\n\t\t\t\t<\/div>\n\t\t\t\t\t<\/div>\n\t\t<\/div>\n\t\t\t\t\t<\/div>\n\t\t<\/section>\n\t\t\t\t\t<\/div>\n\t\t<\/div>\n\t\t\t\t\t<\/div>\n\t\t<\/section>\n\t\t\t\t<\/div>\n\t\t","protected":false},"excerpt":{"rendered":"<p>Organisation \u2013 Geschichte Unsere Geschichte begann im Jahr 2016<\/p>\n","protected":false},"author":2,"featured_media":0,"parent":0,"menu_order":0,"comment_status":"closed","ping_status":"closed","template":"","meta":{"site-sidebar-layout":"no-sidebar","site-content-layout":"page-builder","ast-site-content-layout":"","site-content-style":"default","site-sidebar-style":"default","ast-global-header-display":"","ast-banner-title-visibility":"","ast-main-header-display":"","ast-hfb-above-header-display":"","ast-hfb-below-header-display":"","ast-hfb-mobile-header-display":"","site-post-title":"disabled","ast-breadcrumbs-content":"","ast-featured-img":"disabled","footer-sml-layout":"","theme-transparent-header-meta":"default","adv-header-id-meta":"","stick-header-meta":"default","header-above-stick-meta":"","header-main-stick-meta":"","header-below-stick-meta":"","astra-migrate-meta-layouts":"default","ast-page-background-enabled":"default","ast-page-background-meta":{"desktop":{"background-color":"","background-image":"","background-repeat":"repeat","background-position":"center center","background-size":"auto","background-attachment":"scroll","background-type":"","background-media":"","overlay-type":"","overlay-color":"","overlay-opacity":"","overlay-gradient":""},"tablet":{"background-color":"","background-image":"","background-repeat":"repeat","background-position":"center center","background-size":"auto","background-attachment":"scroll","background-type":"","background-media":"","overlay-type":"","overlay-color":"","overlay-opacity":"","overlay-gradient":""},"mobile":{"background-color":"","background-image":"","background-repeat":"repeat","background-position":"center center","background-size":"auto","background-attachment":"scroll","background-type":"","background-media":"","overlay-type":"","overlay-color":"","overlay-opacity":"","overlay-gradient":""}},"ast-content-background-meta":{"desktop":{"background-color":"var(--ast-global-color-5)","background-image":"","background-repeat":"repeat","background-position":"center center","background-size":"auto","background-attachment":"scroll","background-type":"","background-media":"","overlay-type":"","overlay-color":"","overlay-opacity":"","overlay-gradient":""},"tablet":{"background-color":"var(--ast-global-color-5)","background-image":"","background-repeat":"repeat","background-position":"center center","background-size":"auto","background-attachment":"scroll","background-type":"","background-media":"","overlay-type":"","overlay-color":"","overlay-opacity":"","overlay-gradient":""},"mobile":{"background-color":"var(--ast-global-color-5)","background-image":"","background-repeat":"repeat","background-position":"center center","background-size":"auto","background-attachment":"scroll","background-type":"","background-media":"","overlay-type":"","overlay-color":"","overlay-opacity":"","overlay-gradient":""}},"footnotes":""},"class_list":["post-1267","page","type-page","status-publish","hentry"],"_links":{"self":[{"href":"https:\/\/fzentrum.pl\/de\/wp-json\/wp\/v2\/pages\/1267","targetHints":{"allow":["GET"]}}],"collection":[{"href":"https:\/\/fzentrum.pl\/de\/wp-json\/wp\/v2\/pages"}],"about":[{"href":"https:\/\/fzentrum.pl\/de\/wp-json\/wp\/v2\/types\/page"}],"author":[{"embeddable":true,"href":"https:\/\/fzentrum.pl\/de\/wp-json\/wp\/v2\/users\/2"}],"replies":[{"embeddable":true,"href":"https:\/\/fzentrum.pl\/de\/wp-json\/wp\/v2\/comments?post=1267"}],"version-history":[{"count":41,"href":"https:\/\/fzentrum.pl\/de\/wp-json\/wp\/v2\/pages\/1267\/revisions"}],"predecessor-version":[{"id":2812,"href":"https:\/\/fzentrum.pl\/de\/wp-json\/wp\/v2\/pages\/1267\/revisions\/2812"}],"wp:attachment":[{"href":"https:\/\/fzentrum.pl\/de\/wp-json\/wp\/v2\/media?parent=1267"}],"curies":[{"name":"wp","href":"https:\/\/api.w.org\/{rel}","templated":true}]}}