{"id":1274,"date":"2021-05-18T08:50:28","date_gmt":"2021-05-18T08:50:28","guid":{"rendered":"https:\/\/fzentrum.pl\/mitglieder\/"},"modified":"2021-06-08T10:00:33","modified_gmt":"2021-06-08T10:00:33","slug":"mitglieder","status":"publish","type":"page","link":"https:\/\/fzentrum.pl\/de\/mitglieder\/","title":{"rendered":"Mitglieder"},"content":{"rendered":"\t\t<div data-elementor-type=\"wp-page\" data-elementor-id=\"1274\" class=\"elementor elementor-1274 elementor-767\" data-elementor-post-type=\"page\">\n\t\t\t\t\t\t<section class=\"elementor-section elementor-top-section elementor-element elementor-element-dae7b60 elementor-section-full_width elementor-section-height-default elementor-section-height-default\" data-id=\"dae7b60\" data-element_type=\"section\" data-settings=\"{&quot;background_background&quot;:&quot;classic&quot;}\">\n\t\t\t\t\t\t<div class=\"elementor-container elementor-column-gap-no\">\n\t\t\t\t\t<div class=\"elementor-column elementor-col-100 elementor-top-column elementor-element elementor-element-ead586f\" data-id=\"ead586f\" data-element_type=\"column\">\n\t\t\t<div class=\"elementor-widget-wrap elementor-element-populated\">\n\t\t\t\t\t\t<section class=\"elementor-section elementor-inner-section elementor-element elementor-element-34c5ff9 elementor-section-boxed elementor-section-height-default elementor-section-height-default\" data-id=\"34c5ff9\" data-element_type=\"section\">\n\t\t\t\t\t\t<div class=\"elementor-container elementor-column-gap-no\">\n\t\t\t\t\t<div class=\"elementor-column elementor-col-50 elementor-inner-column elementor-element elementor-element-bb5c683\" data-id=\"bb5c683\" data-element_type=\"column\">\n\t\t\t<div class=\"elementor-widget-wrap elementor-element-populated\">\n\t\t\t\t\t\t<div class=\"elementor-element elementor-element-8bc51a9 elementor-widget elementor-widget-heading\" data-id=\"8bc51a9\" data-element_type=\"widget\" data-widget_type=\"heading.default\">\n\t\t\t\t<div class=\"elementor-widget-container\">\n\t\t\t\t\t<h5 class=\"elementor-heading-title elementor-size-default\">Mitglieder<\/h5>\t\t\t\t<\/div>\n\t\t\t\t<\/div>\n\t\t\t\t<div class=\"elementor-element elementor-element-fe2e132 elementor-widget-divider--view-line elementor-widget elementor-widget-divider\" data-id=\"fe2e132\" data-element_type=\"widget\" data-widget_type=\"divider.default\">\n\t\t\t\t<div class=\"elementor-widget-container\">\n\t\t\t\t\t\t\t<div class=\"elementor-divider\">\n\t\t\t<span class=\"elementor-divider-separator\">\n\t\t\t\t\t\t<\/span>\n\t\t<\/div>\n\t\t\t\t\t\t<\/div>\n\t\t\t\t<\/div>\n\t\t\t\t<div class=\"elementor-element elementor-element-059423a elementor-widget elementor-widget-spacer\" data-id=\"059423a\" data-element_type=\"widget\" data-widget_type=\"spacer.default\">\n\t\t\t\t<div class=\"elementor-widget-container\">\n\t\t\t\t\t\t\t<div class=\"elementor-spacer\">\n\t\t\t<div class=\"elementor-spacer-inner\"><\/div>\n\t\t<\/div>\n\t\t\t\t\t\t<\/div>\n\t\t\t\t<\/div>\n\t\t\t\t\t<\/div>\n\t\t<\/div>\n\t\t\t\t<div class=\"elementor-column elementor-col-50 elementor-inner-column elementor-element elementor-element-11d4ef3\" data-id=\"11d4ef3\" data-element_type=\"column\">\n\t\t\t<div class=\"elementor-widget-wrap\">\n\t\t\t\t\t\t\t<\/div>\n\t\t<\/div>\n\t\t\t\t\t<\/div>\n\t\t<\/section>\n\t\t\t\t<section class=\"elementor-section elementor-inner-section elementor-element elementor-element-4bce1a1 elementor-section-boxed elementor-section-height-default elementor-section-height-default\" data-id=\"4bce1a1\" data-element_type=\"section\">\n\t\t\t\t\t\t<div class=\"elementor-container elementor-column-gap-no\">\n\t\t\t\t\t<div class=\"elementor-column elementor-col-100 elementor-inner-column elementor-element elementor-element-0c3ae73\" data-id=\"0c3ae73\" data-element_type=\"column\">\n\t\t\t<div class=\"elementor-widget-wrap elementor-element-populated\">\n\t\t\t\t\t\t<div class=\"elementor-element elementor-element-730f6ff elementor-widget elementor-widget-text-editor\" data-id=\"730f6ff\" data-element_type=\"widget\" data-widget_type=\"text-editor.default\">\n\t\t\t\t<div class=\"elementor-widget-container\">\n\t\t\t\t\t\t\t\t\t<p class=\"western\"><span lang=\"de-DE\">Im Juni 2016 wurde das Forschungszentrum der Deutschen Minderheit von f\u00fcnf Gr\u00fcndungstr\u00e4gern ins Leben gerufen:<\/span><\/p>\n<p class=\"western\"><span lang=\"de-DE\"><u><a href=\"https:\/\/www.vdg.pl\/pl\/\" target=\"_blank\" rel=\"noopener\">Verband der deutschen sozial-kulturellen Gesellschaften in Polen<\/a> <\/u><\/span><\/p>\n<p class=\"western\"><span lang=\"de-DE\"><u><a href=\"https:\/\/skgd.pl\/\" target=\"_blank\" rel=\"noopener\">Sozial-Kulturelle Gesellschaft der Deutschen im Oppelner Schlesien<\/a> <\/u><\/span><\/p>\n<p class=\"western\"><span lang=\"de-DE\"><u><a href=\"http:\/\/cbje.pl\/\" target=\"_blank\" rel=\"noopener\">Verein der Bibliotheken, Medien, Kultur und Wissenschaft \u00a0<\/a><br \/>\n<a href=\"https:\/\/www.bildung.pl\/\" target=\"_blank\" rel=\"noopener\">Deutsche Bildungsgesellschaft \u00a0<\/a><\/u><\/span><\/p>\n<p class=\"western\"><a href=\"https:\/\/www.haus.pl\/\" target=\"_blank\" rel=\"noopener\"><span lang=\"de-DE\"><u>Haus der Deutsch-Polnischen Zusammenarbeit<\/u><\/span><\/a><\/p>\n<p class=\"western\"><span lang=\"de-DE\"><br \/>\nIm August 2020 ist ein weiterer Mittr\u00e4ger dazu gekommen:<\/span><\/p>\n<p class=\"western\"><a href=\"https:\/\/www.dfkschlesien.pl\/pl\" target=\"_blank\" rel=\"noopener\"><u>Deutscher Freundschaftskreis im Bezirk Schlesien <\/u><\/a><\/p>\n\t\t\t\t\t\t\t\t<\/div>\n\t\t\t\t<\/div>\n\t\t\t\t\t<\/div>\n\t\t<\/div>\n\t\t\t\t\t<\/div>\n\t\t<\/section>\n\t\t\t\t\t<\/div>\n\t\t<\/div>\n\t\t\t\t\t<\/div>\n\t\t<\/section>\n\t\t\t\t<\/div>\n\t\t","protected":false},"excerpt":{"rendered":"<p>Mitglieder Im Juni 2016 wurde das Forschungszentrum der Deutschen Minderheit von f\u00fcnf Gr\u00fcndungstr\u00e4gern ins Leben gerufen: Verband der deutschen sozial-kulturellen Gesellschaften in Polen Sozial-Kulturelle Gesellschaft der Deutschen im Oppelner Schlesien Verein der Bibliotheken, Medien, Kultur und Wissenschaft \u00a0 Deutsche Bildungsgesellschaft \u00a0 Haus der Deutsch-Polnischen Zusammenarbeit Im August 2020 ist ein weiterer Mittr\u00e4ger dazu gekommen: Deutscher [&hellip;]<\/p>\n","protected":false},"author":2,"featured_media":0,"parent":0,"menu_order":0,"comment_status":"closed","ping_status":"closed","template":"","meta":{"site-sidebar-layout":"no-sidebar","site-content-layout":"page-builder","ast-site-content-layout":"","site-content-style":"default","site-sidebar-style":"default","ast-global-header-display":"","ast-banner-title-visibility":"","ast-main-header-display":"","ast-hfb-above-header-display":"","ast-hfb-below-header-display":"","ast-hfb-mobile-header-display":"","site-post-title":"disabled","ast-breadcrumbs-content":"","ast-featured-img":"disabled","footer-sml-layout":"","theme-transparent-header-meta":"default","adv-header-id-meta":"","stick-header-meta":"","header-above-stick-meta":"","header-main-stick-meta":"","header-below-stick-meta":"","astra-migrate-meta-layouts":"default","ast-page-background-enabled":"default","ast-page-background-meta":{"desktop":{"background-color":"","background-image":"","background-repeat":"repeat","background-position":"center center","background-size":"auto","background-attachment":"scroll","background-type":"","background-media":"","overlay-type":"","overlay-color":"","overlay-opacity":"","overlay-gradient":""},"tablet":{"background-color":"","background-image":"","background-repeat":"repeat","background-position":"center center","background-size":"auto","background-attachment":"scroll","background-type":"","background-media":"","overlay-type":"","overlay-color":"","overlay-opacity":"","overlay-gradient":""},"mobile":{"background-color":"","background-image":"","background-repeat":"repeat","background-position":"center center","background-size":"auto","background-attachment":"scroll","background-type":"","background-media":"","overlay-type":"","overlay-color":"","overlay-opacity":"","overlay-gradient":""}},"ast-content-background-meta":{"desktop":{"background-color":"var(--ast-global-color-5)","background-image":"","background-repeat":"repeat","background-position":"center center","background-size":"auto","background-attachment":"scroll","background-type":"","background-media":"","overlay-type":"","overlay-color":"","overlay-opacity":"","overlay-gradient":""},"tablet":{"background-color":"var(--ast-global-color-5)","background-image":"","background-repeat":"repeat","background-position":"center center","background-size":"auto","background-attachment":"scroll","background-type":"","background-media":"","overlay-type":"","overlay-color":"","overlay-opacity":"","overlay-gradient":""},"mobile":{"background-color":"var(--ast-global-color-5)","background-image":"","background-repeat":"repeat","background-position":"center center","background-size":"auto","background-attachment":"scroll","background-type":"","background-media":"","overlay-type":"","overlay-color":"","overlay-opacity":"","overlay-gradient":""}},"footnotes":""},"class_list":["post-1274","page","type-page","status-publish","hentry"],"_links":{"self":[{"href":"https:\/\/fzentrum.pl\/de\/wp-json\/wp\/v2\/pages\/1274","targetHints":{"allow":["GET"]}}],"collection":[{"href":"https:\/\/fzentrum.pl\/de\/wp-json\/wp\/v2\/pages"}],"about":[{"href":"https:\/\/fzentrum.pl\/de\/wp-json\/wp\/v2\/types\/page"}],"author":[{"embeddable":true,"href":"https:\/\/fzentrum.pl\/de\/wp-json\/wp\/v2\/users\/2"}],"replies":[{"embeddable":true,"href":"https:\/\/fzentrum.pl\/de\/wp-json\/wp\/v2\/comments?post=1274"}],"version-history":[{"count":5,"href":"https:\/\/fzentrum.pl\/de\/wp-json\/wp\/v2\/pages\/1274\/revisions"}],"predecessor-version":[{"id":1369,"href":"https:\/\/fzentrum.pl\/de\/wp-json\/wp\/v2\/pages\/1274\/revisions\/1369"}],"wp:attachment":[{"href":"https:\/\/fzentrum.pl\/de\/wp-json\/wp\/v2\/media?parent=1274"}],"curies":[{"name":"wp","href":"https:\/\/api.w.org\/{rel}","templated":true}]}}